{"id":2352,"date":"2024-03-06T14:54:41","date_gmt":"2024-03-06T14:54:41","guid":{"rendered":"https:\/\/villaleprata.cambia-marketing.it\/?page_id=2352"},"modified":"2024-12-30T11:45:43","modified_gmt":"2024-12-30T11:45:43","slug":"prenotazione","status":"publish","type":"page","link":"https:\/\/villaleprata.com\/it\/prenotazione\/","title":{"rendered":"Prenotazione"},"content":{"rendered":"<div data-elementor-type=\"wp-page\" data-elementor-id=\"2352\" class=\"elementor elementor-2352\" data-elementor-post-type=\"page\">\n\t\t\t\t<div class=\"elementor-element elementor-element-0715770 e-con-full e-flex e-con e-parent\" data-id=\"0715770\" data-element_type=\"container\" data-settings=\"{&quot;background_background&quot;:&quot;classic&quot;}\">\n\t\t<div class=\"elementor-element elementor-element-13dfd9f e-con-full e-flex e-con e-child\" data-id=\"13dfd9f\" data-element_type=\"container\" data-settings=\"{&quot;background_background&quot;:&quot;classic&quot;}\">\n\t\t\t\t<div class=\"elementor-element elementor-element-43cc9ef elementor-widget elementor-widget-image\" data-id=\"43cc9ef\" data-element_type=\"widget\" data-widget_type=\"image.default\">\n\t\t\t\t<div class=\"elementor-widget-container\">\n\t\t\t\t\t\t\t\t\t\t\t\t\t\t\t<img fetchpriority=\"high\" decoding=\"async\" width=\"1520\" height=\"849\" src=\"https:\/\/villaleprata.com\/wp-content\/uploads\/2024\/02\/Logo_HD.png\" class=\"attachment-full size-full wp-image-575\" alt=\"\" srcset=\"https:\/\/villaleprata.com\/wp-content\/uploads\/2024\/02\/Logo_HD.png 1520w, https:\/\/villaleprata.com\/wp-content\/uploads\/2024\/02\/Logo_HD-300x168.png 300w, https:\/\/villaleprata.com\/wp-content\/uploads\/2024\/02\/Logo_HD-1024x572.png 1024w, https:\/\/villaleprata.com\/wp-content\/uploads\/2024\/02\/Logo_HD-768x429.png 768w, https:\/\/villaleprata.com\/wp-content\/uploads\/2024\/02\/Logo_HD-18x10.png 18w\" sizes=\"(max-width: 1520px) 100vw, 1520px\" \/>\t\t\t\t\t\t\t\t\t\t\t\t\t\t\t<\/div>\n\t\t\t\t<\/div>\n\t\t\t\t<div class=\"elementor-element elementor-element-1bea2c9 elementor-widget__width-initial elementor-widget-mobile__width-inherit elementor-widget elementor-widget-heading\" data-id=\"1bea2c9\" data-element_type=\"widget\" data-widget_type=\"heading.default\">\n\t\t\t\t<div class=\"elementor-widget-container\">\n\t\t\t\t\t<h2 class=\"elementor-heading-title elementor-size-default\">Verifica Disponibilit\u00e0<\/h2>\t\t\t\t<\/div>\n\t\t\t\t<\/div>\n\t\t\t\t<\/div>\n\t\t\t\t<div class=\"elementor-element elementor-element-4db72d6 elementor-widget elementor-widget-html\" data-id=\"4db72d6\" data-element_type=\"widget\" data-widget_type=\"html.default\">\n\t\t\t\t<div class=\"elementor-widget-container\">\n\t\t\t\t\t<!-- Agostino Fantastici -->\r\n\r\n<!-- -------------------- -->\r\n<!-- -------------------- -->\r\n<!-- Begin Villa Le Prata S.S. Societ\u00e0 Agricola - Agostino Fantastici -->\r\n\r\n<!-- Begin CSS Xenion Calendar -->\r\n<link href=\"https:\/\/my.dnatasting.it\/villaleprata\/pacifik\/client\/modules\/hotels\/plugin\/calendar\/x\/css.php?idroomtype=4\" rel=\"stylesheet\" type=\"text\/css\"\/>\r\n<!--End CSS Xenion Calendar -->\r\n\r\n<!-- Begin HTML Xenion Calendar -->\r\n<div id=\"xenion_calendar_4\">\r\n\r\n    <div id=\"xenion_calendar_cont_head_4\">\r\n        <table>\r\n            <tr>\r\n                <td onclick=\"xenion_calendar_prev_4()\" style=\"width: 20px;cursor: pointer;background-color: #cecece;font-size: 20px;\"> <\r\n                <td style=\"text-align: center;\" >\r\n                    <div>Villa Le Prata S.S. Societ\u00e0 Agricola - Agostino Fantastici<\/div>\r\n                    <div id=\"xenion_calendar_month_4\"><\/div>\r\n                <td onclick=\"xenion_calendar_next_4()\" style=\"width: 20px;cursor: pointer;background-color: #cecece;font-size: 20px;\"> >\r\n        <\/table>\r\n    <\/div>\r\n\r\n    <div id=\"xenion_calendar_cont_table_4\">\r\n        <table id=\"xenion_calendar_table_4\">\r\n            <tr><th>Lun<th>Mar<th>Mer<th>Gio<th>Ven<th>Sab<th>Dom\r\n        <\/table>\r\n    <\/div>\r\n<\/div>\r\n<!--End HTML Xenion Calendar -->\r\n\r\n<!-- Begin JAVASCRIPT Xenion Calendar -->\r\n<script type='text\/javascript' \r\nsrc=\"https:\/\/my.dnatasting.it\/villaleprata\/pacifik\/client\/modules\/hotels\/plugin\/calendar\/x\/js.php?idroomtype=4&langcalendar=it\">\r\n<\/script>\r\n<!--End JAVASCRIPT Xenion Calendar -->\r\n\r\n<!-- end Villa Le Prata S.S. Societ\u00e0 Agricola - Agostino Fantastici -->\r\n<!-- -------------------- -->\r\n<!-- -------------------- -->\r\n\r\n<!-- Pittore -->\r\n\r\n<!-- -------------------- -->\r\n<!-- -------------------- -->\r\n<!-- Begin Villa Le Prata S.S. Societ\u00e0 Agricola - Stanza del Pittore -->\r\n\r\n<!-- Begin CSS Xenion Calendar -->\r\n<link href=\"https:\/\/my.dnatasting.it\/villaleprata\/pacifik\/client\/modules\/hotels\/plugin\/calendar\/x\/css.php?idroomtype=8\" rel=\"stylesheet\" type=\"text\/css\"\/>\r\n<!--End CSS Xenion Calendar -->\r\n\r\n<!-- Begin HTML Xenion Calendar -->\r\n<div id=\"xenion_calendar_8\">\r\n\r\n    <div id=\"xenion_calendar_cont_head_8\">\r\n        <table>\r\n            <tr>\r\n                <td onclick=\"xenion_calendar_prev_8()\" style=\"width: 20px;cursor: pointer;background-color: #cecece;font-size: 20px;\"> <\r\n                <td style=\"text-align: center;\" >\r\n                    <div>Villa Le Prata S.S. Societ\u00e0 Agricola - Stanza del Pittore<\/div>\r\n                    <div id=\"xenion_calendar_month_8\"><\/div>\r\n                <td onclick=\"xenion_calendar_next_8()\" style=\"width: 20px;cursor: pointer;background-color: #cecece;font-size: 20px;\"> >\r\n        <\/table>\r\n    <\/div>\r\n\r\n    <div id=\"xenion_calendar_cont_table_8\">\r\n        <table id=\"xenion_calendar_table_8\">\r\n            <tr><th>Lun<th>Mar<th>Mer<th>Gio<th>Ven<th>Sab<th>Dom\r\n        <\/table>\r\n    <\/div>\r\n<\/div>\r\n<!--End HTML Xenion Calendar -->\r\n\r\n<!-- Begin JAVASCRIPT Xenion Calendar -->\r\n<script type='text\/javascript' \r\nsrc=\"https:\/\/my.dnatasting.it\/villaleprata\/pacifik\/client\/modules\/hotels\/plugin\/calendar\/x\/js.php?idroomtype=8&langcalendar=it\">\r\n<\/script>\r\n<!--End JAVASCRIPT Xenion Calendar -->\r\n\r\n<!-- end Villa Le Prata S.S. Societ\u00e0 Agricola - Stanza del Pittore -->\r\n<!-- -------------------- -->\r\n<!-- -------------------- -->\r\n\r\n\r\n<!-- La Secreta -->\r\n\r\n<!-- -------------------- -->\r\n<!-- -------------------- -->\r\n<!-- Begin Villa Le Prata S.S. Societ\u00e0 Agricola - La Secreta -->\r\n\r\n<!-- Begin CSS Xenion Calendar -->\r\n<link href=\"https:\/\/my.dnatasting.it\/villaleprata\/pacifik\/client\/modules\/hotels\/plugin\/calendar\/x\/css.php?idroomtype=7\" rel=\"stylesheet\" type=\"text\/css\"\/>\r\n<!--End CSS Xenion Calendar -->\r\n\r\n<!-- Begin HTML Xenion Calendar -->\r\n<div id=\"xenion_calendar_7\">\r\n\r\n    <div id=\"xenion_calendar_cont_head_7\">\r\n        <table>\r\n            <tr>\r\n                <td onclick=\"xenion_calendar_prev_7()\" style=\"width: 20px;cursor: pointer;background-color: #cecece;font-size: 20px;\"> <\r\n                <td style=\"text-align: center;\" >\r\n                    <div>Villa Le Prata S.S. Societ\u00e0 Agricola - La Secreta<\/div>\r\n                    <div id=\"xenion_calendar_month_7\"><\/div>\r\n                <td onclick=\"xenion_calendar_next_7()\" style=\"width: 20px;cursor: pointer;background-color: #cecece;font-size: 20px;\"> >\r\n        <\/table>\r\n    <\/div>\r\n\r\n    <div id=\"xenion_calendar_cont_table_7\">\r\n        <table id=\"xenion_calendar_table_7\">\r\n            <tr><th>Lun<th>Mar<th>Mer<th>Gio<th>Ven<th>Sab<th>Dom\r\n        <\/table>\r\n    <\/div>\r\n<\/div>\r\n<!--End HTML Xenion Calendar -->\r\n\r\n<!-- Begin JAVASCRIPT Xenion Calendar -->\r\n<script type='text\/javascript' \r\nsrc=\"https:\/\/my.dnatasting.it\/villaleprata\/pacifik\/client\/modules\/hotels\/plugin\/calendar\/x\/js.php?idroomtype=7&langcalendar=it\">\r\n<\/script>\r\n<!--End JAVASCRIPT Xenion Calendar -->\r\n\r\n<!-- end Villa Le Prata S.S. Societ\u00e0 Agricola - La Secreta -->\r\n<!-- -------------------- -->\r\n<!-- -------------------- -->\r\n\r\n\r\n\r\n<!-- Ippocrate -->\r\n\r\n<!-- -------------------- -->\r\n<!-- -------------------- -->\r\n<!-- Begin Villa Le Prata S.S. Societ\u00e0 Agricola - Ippocrate -->\r\n\r\n<!-- Begin CSS Xenion Calendar -->\r\n<link href=\"https:\/\/my.dnatasting.it\/villaleprata\/pacifik\/client\/modules\/hotels\/plugin\/calendar\/x\/css.php?idroomtype=5\" rel=\"stylesheet\" type=\"text\/css\"\/>\r\n<!--End CSS Xenion Calendar -->\r\n\r\n<!-- Begin HTML Xenion Calendar -->\r\n<div id=\"xenion_calendar_5\">\r\n\r\n    <div id=\"xenion_calendar_cont_head_5\">\r\n        <table>\r\n            <tr>\r\n                <td onclick=\"xenion_calendar_prev_5()\" style=\"width: 20px;cursor: pointer;background-color: #cecece;font-size: 20px;\"> <\r\n                <td style=\"text-align: center;\" >\r\n                    <div>Villa Le Prata S.S. Societ\u00e0 Agricola - Ippocrate<\/div>\r\n                    <div id=\"xenion_calendar_month_5\"><\/div>\r\n                <td onclick=\"xenion_calendar_next_5()\" style=\"width: 20px;cursor: pointer;background-color: #cecece;font-size: 20px;\"> >\r\n        <\/table>\r\n    <\/div>\r\n\r\n    <div id=\"xenion_calendar_cont_table_5\">\r\n        <table id=\"xenion_calendar_table_5\">\r\n            <tr><th>Lun<th>Mar<th>Mer<th>Gio<th>Ven<th>Sab<th>Dom\r\n        <\/table>\r\n    <\/div>\r\n<\/div>\r\n<!--End HTML Xenion Calendar -->\r\n\r\n<!-- Begin JAVASCRIPT Xenion Calendar -->\r\n<script type='text\/javascript' \r\nsrc=\"https:\/\/my.dnatasting.it\/villaleprata\/pacifik\/client\/modules\/hotels\/plugin\/calendar\/x\/js.php?idroomtype=5&langcalendar=it\">\r\n<\/script>\r\n<!--End JAVASCRIPT Xenion Calendar -->\r\n\r\n<!-- end Villa Le Prata S.S. Societ\u00e0 Agricola - Ippocrate -->\r\n<!-- -------------------- -->\r\n<!-- -------------------- -->\r\n\r\n\r\n\r\n<!-- Tirso -->\r\n\r\n<!-- -------------------- -->\r\n<!-- -------------------- -->\r\n<!-- Begin Villa Le Prata S.S. Societ\u00e0 Agricola - Tirso -->\r\n\r\n<!-- Begin CSS Xenion Calendar -->\r\n<link href=\"https:\/\/my.dnatasting.it\/villaleprata\/pacifik\/client\/modules\/hotels\/plugin\/calendar\/x\/css.php?idroomtype=6\" rel=\"stylesheet\" type=\"text\/css\"\/>\r\n<!--End CSS Xenion Calendar -->\r\n\r\n<!-- Begin HTML Xenion Calendar -->\r\n<div id=\"xenion_calendar_6\">\r\n\r\n    <div id=\"xenion_calendar_cont_head_6\">\r\n        <table>\r\n            <tr>\r\n                <td onclick=\"xenion_calendar_prev_6()\" style=\"width: 20px;cursor: pointer;background-color: #cecece;font-size: 20px;\"> <\r\n                <td style=\"text-align: center;\" >\r\n                    <div>Villa Le Prata S.S. Societ\u00e0 Agricola - Tirso<\/div>\r\n                    <div id=\"xenion_calendar_month_6\"><\/div>\r\n                <td onclick=\"xenion_calendar_next_6()\" style=\"width: 20px;cursor: pointer;background-color: #cecece;font-size: 20px;\"> >\r\n        <\/table>\r\n    <\/div>\r\n\r\n    <div id=\"xenion_calendar_cont_table_6\">\r\n        <table id=\"xenion_calendar_table_6\">\r\n            <tr><th>Lun<th>Mar<th>Mer<th>Gio<th>Ven<th>Sab<th>Dom\r\n        <\/table>\r\n    <\/div>\r\n<\/div>\r\n<!--End HTML Xenion Calendar -->\r\n\r\n<!-- Begin JAVASCRIPT Xenion Calendar -->\r\n<script type='text\/javascript' \r\nsrc=\"https:\/\/my.dnatasting.it\/villaleprata\/pacifik\/client\/modules\/hotels\/plugin\/calendar\/x\/js.php?idroomtype=6&langcalendar=it\">\r\n<\/script>\r\n<!--End JAVASCRIPT Xenion Calendar -->\r\n\r\n<!-- end Villa Le Prata S.S. Societ\u00e0 Agricola - Tirso -->\r\n<!-- -------------------- -->\r\n<!-- -------------------- -->\r\n\r\n\r\n\r\n<!-- San Prospero -->\r\n\r\n<!-- -------------------- -->\r\n<!-- -------------------- -->\r\n<!-- Begin Villa Le Prata S.S. Societ\u00e0 Agricola - San Prospero -->\r\n\r\n<!-- Begin CSS Xenion Calendar -->\r\n<link href=\"https:\/\/my.dnatasting.it\/villaleprata\/pacifik\/client\/modules\/hotels\/plugin\/calendar\/x\/css.php?idroomtype=3\" rel=\"stylesheet\" type=\"text\/css\"\/>\r\n<!--End CSS Xenion Calendar -->\r\n\r\n<!-- Begin HTML Xenion Calendar -->\r\n<div id=\"xenion_calendar_3\">\r\n\r\n    <div id=\"xenion_calendar_cont_head_3\">\r\n        <table>\r\n            <tr>\r\n                <td onclick=\"xenion_calendar_prev_3()\" style=\"width: 20px;cursor: pointer;background-color: #cecece;font-size: 20px;\"> <\r\n                <td style=\"text-align: center;\" >\r\n                    <div>Villa Le Prata S.S. Societ\u00e0 Agricola - San Prospero<\/div>\r\n                    <div id=\"xenion_calendar_month_3\"><\/div>\r\n                <td onclick=\"xenion_calendar_next_3()\" style=\"width: 20px;cursor: pointer;background-color: #cecece;font-size: 20px;\"> >\r\n        <\/table>\r\n    <\/div>\r\n\r\n    <div id=\"xenion_calendar_cont_table_3\">\r\n        <table id=\"xenion_calendar_table_3\">\r\n            <tr><th>Lun<th>Mar<th>Mer<th>Gio<th>Ven<th>Sab<th>Dom\r\n        <\/table>\r\n    <\/div>\r\n<\/div>\r\n<!--End HTML Xenion Calendar -->\r\n\r\n<!-- Begin JAVASCRIPT Xenion Calendar -->\r\n<script type='text\/javascript' \r\nsrc=\"https:\/\/my.dnatasting.it\/villaleprata\/pacifik\/client\/modules\/hotels\/plugin\/calendar\/x\/js.php?idroomtype=3&langcalendar=it\">\r\n<\/script>\r\n<!--End JAVASCRIPT Xenion Calendar -->\r\n\r\n<!-- end Villa Le Prata S.S. Societ\u00e0 Agricola - San Prospero -->\r\n<!-- -------------------- -->\r\n<!-- -------------------- -->\r\n\r\n\r\n<!-- Le Prata -->\r\n\r\n<!-- -------------------- -->\r\n<!-- -------------------- -->\r\n<!-- Begin Villa Le Prata S.S. Societ\u00e0 Agricola - Le Prata -->\r\n\r\n<!-- Begin CSS Xenion Calendar -->\r\n<link href=\"https:\/\/my.dnatasting.it\/villaleprata\/pacifik\/client\/modules\/hotels\/plugin\/calendar\/x\/css.php?idroomtype=2\" rel=\"stylesheet\" type=\"text\/css\"\/>\r\n<!--End CSS Xenion Calendar -->\r\n\r\n<!-- Begin HTML Xenion Calendar -->\r\n<div id=\"xenion_calendar_2\">\r\n\r\n    <div id=\"xenion_calendar_cont_head_2\">\r\n        <table>\r\n            <tr>\r\n                <td onclick=\"xenion_calendar_prev_2()\" style=\"width: 20px;cursor: pointer;background-color: #cecece;font-size: 20px;\"> <\r\n                <td style=\"text-align: center;\" >\r\n                    <div>Villa Le Prata S.S. Societ\u00e0 Agricola - Le Prata<\/div>\r\n                    <div id=\"xenion_calendar_month_2\"><\/div>\r\n                <td onclick=\"xenion_calendar_next_2()\" style=\"width: 20px;cursor: pointer;background-color: #cecece;font-size: 20px;\"> >\r\n        <\/table>\r\n    <\/div>\r\n\r\n    <div id=\"xenion_calendar_cont_table_2\">\r\n        <table id=\"xenion_calendar_table_2\">\r\n            <tr><th>Lun<th>Mar<th>Mer<th>Gio<th>Ven<th>Sab<th>Dom\r\n        <\/table>\r\n    <\/div>\r\n<\/div>\r\n<!--End HTML Xenion Calendar -->\r\n\r\n<!-- Begin JAVASCRIPT Xenion Calendar -->\r\n<script type='text\/javascript' \r\nsrc=\"https:\/\/my.dnatasting.it\/villaleprata\/pacifik\/client\/modules\/hotels\/plugin\/calendar\/x\/js.php?idroomtype=2&langcalendar=it\">\r\n<\/script>\r\n<!--End JAVASCRIPT Xenion Calendar -->\r\n\r\n<!-- end Villa Le Prata S.S. Societ\u00e0 Agricola - Le Prata -->\r\n<!-- -------------------- -->\r\n<!-- -------------------- -->\r\n\r\n\r\n\r\n<!-- Vescovo -->\r\n\r\n<!-- -------------------- -->\r\n<!-- -------------------- -->\r\n<!-- Begin Villa Le Prata S.S. Societ\u00e0 Agricola - Stanza del Vescovo -->\r\n\r\n<!-- Begin CSS Xenion Calendar -->\r\n<link href=\"https:\/\/my.dnatasting.it\/villaleprata\/pacifik\/client\/modules\/hotels\/plugin\/calendar\/x\/css.php?idroomtype=1\" rel=\"stylesheet\" type=\"text\/css\"\/>\r\n<!--End CSS Xenion Calendar -->\r\n\r\n<!-- Begin HTML Xenion Calendar -->\r\n<div id=\"xenion_calendar_1\">\r\n\r\n    <div id=\"xenion_calendar_cont_head_1\">\r\n        <table>\r\n            <tr>\r\n                <td onclick=\"xenion_calendar_prev_1()\" style=\"width: 20px;cursor: pointer;background-color: #cecece;font-size: 20px;\"> <\r\n                <td style=\"text-align: center;\" >\r\n                    <div>Villa Le Prata S.S. Societ\u00e0 Agricola - Stanza del Vescovo<\/div>\r\n                    <div id=\"xenion_calendar_month_1\"><\/div>\r\n                <td onclick=\"xenion_calendar_next_1()\" style=\"width: 20px;cursor: pointer;background-color: #cecece;font-size: 20px;\"> >\r\n        <\/table>\r\n    <\/div>\r\n\r\n    <div id=\"xenion_calendar_cont_table_1\">\r\n        <table id=\"xenion_calendar_table_1\">\r\n            <tr><th>Lun<th>Mar<th>Mer<th>Gio<th>Ven<th>Sab<th>Dom\r\n        <\/table>\r\n    <\/div>\r\n<\/div>\r\n<!--End HTML Xenion Calendar -->\r\n\r\n<!-- Begin JAVASCRIPT Xenion Calendar -->\r\n<script type='text\/javascript' \r\nsrc=\"https:\/\/my.dnatasting.it\/villaleprata\/pacifik\/client\/modules\/hotels\/plugin\/calendar\/x\/js.php?idroomtype=1&langcalendar=it\">\r\n<\/script>\r\n<!--End JAVASCRIPT Xenion Calendar -->\r\n\r\n<!-- end Villa Le Prata S.S. Societ\u00e0 Agricola - Stanza del Vescovo -->\r\n<!-- -------------------- -->\r\n<!-- -------------------- -->\t\t\t\t<\/div>\n\t\t\t\t<\/div>\n\t\t\t\t<\/div>\n\t\t\t\t<\/div>","protected":false},"excerpt":{"rendered":"<p>Verifica Disponibilit\u00e0 < Villa Le Prata S.S. Societ\u00e0 Agricola &#8211; Agostino Fantastici > Lun Mar Mer Gio Ven Sab Dom < Villa Le Prata S.S. Societ\u00e0 Agricola &#8211; Stanza del Pittore > Lun Mar Mer Gio Ven Sab Dom < Villa Le Prata S.S. Societ\u00e0 Agricola &#8211; La Secreta > Lun Mar Mer Gio Ven [&hellip;]<\/p>","protected":false},"author":1,"featured_media":0,"parent":0,"menu_order":0,"comment_status":"closed","ping_status":"closed","template":"elementor_canvas","meta":{"footnotes":""},"class_list":["post-2352","page","type-page","status-publish","hentry"],"_links":{"self":[{"href":"https:\/\/villaleprata.com\/it\/wp-json\/wp\/v2\/pages\/2352","targetHints":{"allow":["GET"]}}],"collection":[{"href":"https:\/\/villaleprata.com\/it\/wp-json\/wp\/v2\/pages"}],"about":[{"href":"https:\/\/villaleprata.com\/it\/wp-json\/wp\/v2\/types\/page"}],"author":[{"embeddable":true,"href":"https:\/\/villaleprata.com\/it\/wp-json\/wp\/v2\/users\/1"}],"replies":[{"embeddable":true,"href":"https:\/\/villaleprata.com\/it\/wp-json\/wp\/v2\/comments?post=2352"}],"version-history":[{"count":10,"href":"https:\/\/villaleprata.com\/it\/wp-json\/wp\/v2\/pages\/2352\/revisions"}],"predecessor-version":[{"id":3320,"href":"https:\/\/villaleprata.com\/it\/wp-json\/wp\/v2\/pages\/2352\/revisions\/3320"}],"wp:attachment":[{"href":"https:\/\/villaleprata.com\/it\/wp-json\/wp\/v2\/media?parent=2352"}],"curies":[{"name":"wp","href":"https:\/\/api.w.org\/{rel}","templated":true}]}}